{"id":241,"date":"2021-06-10T15:26:49","date_gmt":"2021-06-10T13:26:49","guid":{"rendered":"http:\/\/uksmickiewicz.pl\/?page_id=241"},"modified":"2022-08-23T13:36:25","modified_gmt":"2022-08-23T11:36:25","slug":"sezon-2021-2022","status":"publish","type":"page","link":"https:\/\/mickiewiczkluczbork.pl\/index.php\/archiwum\/sezon-2021-2022\/","title":{"rendered":"Sezon 2021 \/ 2022"},"content":{"rendered":"\n<figure class=\"wp-block-image size-large\"><img loading=\"lazy\" decoding=\"async\" width=\"975\" height=\"768\" src=\"https:\/\/mickiewiczkluczbork.pl\/wp-content\/uploads\/2021\/08\/sezon-2021.22-1.jpg\" alt=\"\" class=\"wp-image-424\" srcset=\"https:\/\/mickiewiczkluczbork.pl\/wp-content\/uploads\/2021\/08\/sezon-2021.22-1.jpg 975w, https:\/\/mickiewiczkluczbork.pl\/wp-content\/uploads\/2021\/08\/sezon-2021.22-1-300x236.jpg 300w, https:\/\/mickiewiczkluczbork.pl\/wp-content\/uploads\/2021\/08\/sezon-2021.22-1-768x605.jpg 768w\" sizes=\"(max-width: 975px) 100vw, 975px\" \/><\/figure>\n\n\n\n<p>Dru\u017cyna Kluczborskiego Klubu Sportowego &#8222;MICKIEWICZ&#8221; Kluczbork w sezonie 2021\/2022 Tauron 1. Ligi: <\/p>\n\n\n\n<p>3) Dawid Bu\u0142kowski (kapitan) &#8211; przyjmuj\u0105cy. <br>4) Bartosz Schmidt &#8211; \u015brodkowy bloku.<br>5) Micha\u0142 Szmajduch &#8211; przyjmuj\u0105cy.<br>6) Jakub Michalski &#8211; \u015brodkowy bloku. <br>7) Marcin Jasku\u0142a &#8211; libero. <br>8) Konrad Mucha &#8211; \u015brodkowy bloku.<br>9) Jakub Czerwi\u0144ski &#8211; przyjmuj\u0105cy. <br>11) Micha\u0142 \u0141ysiak &#8211; libero. <br>12) Jan Siemi\u0105tkowski &#8211; atakuj\u0105cy. <br>13) Kacper Popik &#8211; rozgrywaj\u0105cy. <br>14) Artur Pasi\u0144ski &#8211; przyjmuj\u0105cy. <br>17) Rafa\u0142 Prokopczuk &#8211; rozgrywaj\u0105cy. <br>19) Filip Grygiel &#8211; atakuj\u0105cy.<br>24) \u0141ukasz Zimo\u0144 &#8211; \u015brodkowy bloku.<\/p>\n\n\n\n<p>Trener: Mariusz \u0141ysiak.<br>II Trener\/statystyk: Dawid Ob\u0142\u0105k <br>Fizjoterapeuta: Bartosz Walinowicz. <br><\/p>\n","protected":false},"excerpt":{"rendered":"<p>Dru\u017cyna Kluczborskiego Klubu Sportowego &#8222;MICKIEWICZ&#8221; Kluczbork w sezonie 2021\/2022 Tauron 1. Ligi: 3) Dawid Bu\u0142kowski (kapitan) &#8211; przyjmuj\u0105cy. 4) Bartosz Schmidt &#8211; \u015brodkowy bloku.5) Micha\u0142 Szmajduch &#8211; przyjmuj\u0105cy.6) Jakub Michalski &#8211; \u015brodkowy bloku. 7) Marcin Jasku\u0142a &#8211; libero. 8) Konrad Mucha &#8211; \u015brodkowy bloku.9) Jakub Czerwi\u0144ski &#8211; przyjmuj\u0105cy. 11) Micha\u0142 \u0141ysiak &#8211; libero. 12) Jan [&hellip;]<\/p>\n","protected":false},"author":1,"featured_media":0,"parent":237,"menu_order":1,"comment_status":"closed","ping_status":"closed","template":"","meta":{"footnotes":""},"class_list":["post-241","page","type-page","status-publish","hentry"],"_links":{"self":[{"href":"https:\/\/mickiewiczkluczbork.pl\/index.php\/wp-json\/wp\/v2\/pages\/241"}],"collection":[{"href":"https:\/\/mickiewiczkluczbork.pl\/index.php\/wp-json\/wp\/v2\/pages"}],"about":[{"href":"https:\/\/mickiewiczkluczbork.pl\/index.php\/wp-json\/wp\/v2\/types\/page"}],"author":[{"embeddable":true,"href":"https:\/\/mickiewiczkluczbork.pl\/index.php\/wp-json\/wp\/v2\/users\/1"}],"replies":[{"embeddable":true,"href":"https:\/\/mickiewiczkluczbork.pl\/index.php\/wp-json\/wp\/v2\/comments?post=241"}],"version-history":[{"count":3,"href":"https:\/\/mickiewiczkluczbork.pl\/index.php\/wp-json\/wp\/v2\/pages\/241\/revisions"}],"predecessor-version":[{"id":426,"href":"https:\/\/mickiewiczkluczbork.pl\/index.php\/wp-json\/wp\/v2\/pages\/241\/revisions\/426"}],"up":[{"embeddable":true,"href":"https:\/\/mickiewiczkluczbork.pl\/index.php\/wp-json\/wp\/v2\/pages\/237"}],"wp:attachment":[{"href":"https:\/\/mickiewiczkluczbork.pl\/index.php\/wp-json\/wp\/v2\/media?parent=241"}],"curies":[{"name":"wp","href":"https:\/\/api.w.org\/{rel}","templated":true}]}}