{"id":120,"date":"2020-10-21T10:28:13","date_gmt":"2020-10-21T08:28:13","guid":{"rendered":"http:\/\/uksmickiewicz.pl\/?page_id=120"},"modified":"2026-03-09T15:27:27","modified_gmt":"2026-03-09T14:27:27","slug":"sponsorzy","status":"publish","type":"page","link":"https:\/\/mickiewiczkluczbork.pl\/index.php\/sponsorzy\/","title":{"rendered":"Sponsorzy Klubu"},"content":{"rendered":"\n<ul class=\"wp-block-list\">\n<li><strong>Gmina Kluczbork<\/strong><br><img decoding=\"async\" src=\"https:\/\/encrypted-tbn0.gstatic.com\/images?q=tbn:ANd9GcTdwl73Pl79ZJV1CRRRkcQND8BMhbdujXml7w&amp;s\" alt=\"Herb, logo i flaga gminy | Urz\u0105d Miejski w Kluczborku\"><br>Gmina Kluczbork, pod przewodnictwem Burmistrza Jaros\u0142awa Kielara, od lat wspiera KKS \u201eMICKIEWICZ\u201d. Dzi\u0119ki jej zaanga\u017cowaniu nasz zesp\u00f3\u0142 senior\u00f3w mo\u017ce konkurowa\u0107 na poziomie PLS 1. Ligi, a grupy m\u0142odzie\u017cowe rozwija\u0107 swoje umiej\u0119tno\u015bci i pasj\u0119 do sportu. Wsparcie Gminy Kluczbork jest dla nas nieocenione i daje pewno\u015b\u0107 stabilnego rozwoju ca\u0142ego klubu.<br><a href=\"https:\/\/www.kluczbork.eu\/\" target=\"_blank\" rel=\"noreferrer noopener\">https:\/\/www.kluczbork.eu\/<\/a><\/li>\n<\/ul>\n\n\n\n<ul class=\"wp-block-list\">\n<li><strong>Powiat kluczborski<\/strong><br><img loading=\"lazy\" decoding=\"async\" width=\"150\" height=\"181\" class=\"wp-image-390\" style=\"width: 150px;\" src=\"https:\/\/mickiewiczkluczbork.pl\/wp-content\/uploads\/2021\/08\/herb.jpg\" alt=\"\" srcset=\"https:\/\/mickiewiczkluczbork.pl\/wp-content\/uploads\/2021\/08\/herb.jpg 1701w, https:\/\/mickiewiczkluczbork.pl\/wp-content\/uploads\/2021\/08\/herb-248x300.jpg 248w, https:\/\/mickiewiczkluczbork.pl\/wp-content\/uploads\/2021\/08\/herb-848x1024.jpg 848w, https:\/\/mickiewiczkluczbork.pl\/wp-content\/uploads\/2021\/08\/herb-768x927.jpg 768w, https:\/\/mickiewiczkluczbork.pl\/wp-content\/uploads\/2021\/08\/herb-1272x1536.jpg 1272w, https:\/\/mickiewiczkluczbork.pl\/wp-content\/uploads\/2021\/08\/herb-1696x2048.jpg 1696w\" sizes=\"(max-width: 150px) 100vw, 150px\" \/><br>Powiat Kluczborski, pod przewodnictwem Starosty Miros\u0142awa Bireckiego, od lat wspiera KKS \u201eMICKIEWICZ\u201d. Dzi\u0119ki jego zaanga\u017cowaniu nasz zesp\u00f3\u0142 senior\u00f3w mo\u017ce konkurowa\u0107 na poziomie PLS 1. Ligi, a grupy m\u0142odzie\u017cowe rozwija\u0107 swoje umiej\u0119tno\u015bci i pasj\u0119 do sportu. Pragniemy r\u00f3wnie\u017c przypomnie\u0107, \u017ce UKS \u201eMICKIEWICZ\u201d Kluczbork w 2012 roku powsta\u0142 przy ZSO im. Adama Mickiewicza w Kluczborku \u2013 szkole prowadzonej przez Powiat.<br><a href=\"http:\/\/www.powiatkluczborski.pl\/\" target=\"_blank\" rel=\"noreferrer noopener\">http:\/\/www.powiatkluczborski.pl\/<\/a><\/li>\n<\/ul>\n\n\n\n<ul class=\"wp-block-list\">\n<li><strong>Urz\u0105d Marsza\u0142kowski Wojew\u00f3dztwa Opolskiego.<\/strong><br><img decoding=\"async\" class=\"wp-image-391\" style=\"width: NaNpx;\" src=\"https:\/\/mickiewiczkluczbork.pl\/wp-content\/uploads\/2021\/08\/HERB-OPOLSKIE.pdf\" alt=\"\"><img loading=\"lazy\" decoding=\"async\" width=\"150\" height=\"174\" class=\"wp-image-393\" style=\"width: 150px;\" src=\"https:\/\/mickiewiczkluczbork.pl\/wp-content\/uploads\/2021\/08\/HERB-OPOLSKIE-RGB.jpg\" alt=\"\" srcset=\"https:\/\/mickiewiczkluczbork.pl\/wp-content\/uploads\/2021\/08\/HERB-OPOLSKIE-RGB.jpg 945w, https:\/\/mickiewiczkluczbork.pl\/wp-content\/uploads\/2021\/08\/HERB-OPOLSKIE-RGB-258x300.jpg 258w, https:\/\/mickiewiczkluczbork.pl\/wp-content\/uploads\/2021\/08\/HERB-OPOLSKIE-RGB-881x1024.jpg 881w, https:\/\/mickiewiczkluczbork.pl\/wp-content\/uploads\/2021\/08\/HERB-OPOLSKIE-RGB-768x892.jpg 768w\" sizes=\"(max-width: 150px) 100vw, 150px\" \/><br>Najmniejsze wojew\u00f3dztwo na mapie Polski, ale na przyk\u0142adzie Wojew\u00f3dztwa Opolskiego mo\u017cemy powiedzie\u0107, \u017ce ma\u0142e jest pi\u0119kne! Pi\u0119knie dzi\u0119kujemy samorz\u0105dowcom z Wojew\u00f3dztwa Opolskiego, z Panem Marsza\u0142kiem Szymonem Og\u0142az\u0105 na czele, za pomoc przekazan\u0105 naszemu Klubowi. Jest nam niezmiernie mi\u0142o, \u017ce nadal wspieracie kluczborskiego \u201eMICKIEWICZ-a\u201d.<br><a href=\"https:\/\/www.opolskie.pl\/\" target=\"_blank\" rel=\"noreferrer noopener\">https:\/\/www.opolskie.pl\/<\/a><\/li>\n<\/ul>\n\n\n\n<ul class=\"wp-block-list\">\n<li><strong>MARCEGAGLIA<\/strong><br><img loading=\"lazy\" decoding=\"async\" width=\"150\" height=\"89\" class=\"wp-image-394\" style=\"width: 150px;\" src=\"https:\/\/mickiewiczkluczbork.pl\/wp-content\/uploads\/2021\/08\/Marcegaglia.jpg\" alt=\"\" srcset=\"https:\/\/mickiewiczkluczbork.pl\/wp-content\/uploads\/2021\/08\/Marcegaglia.jpg 714w, https:\/\/mickiewiczkluczbork.pl\/wp-content\/uploads\/2021\/08\/Marcegaglia-300x179.jpg 300w\" sizes=\"(max-width: 150px) 100vw, 150px\" \/><br>Zak\u0142ad produkcyjny Marcegaglia Poland w Kluczborku oferuje najszersz\u0105 na \u015bwiecie gam\u0119&nbsp;precyzyjnych spawanych rur ze stali w\u0119glowej, obejmuj\u0105c\u0105 bogaty zakres wymiar\u00f3w i gatunk\u00f3w stali, zgodn\u0105 z wymaganiami r\u00f3\u017cnych sektor\u00f3w przemys\u0142u, a tak\u017ce posiada du\u017c\u0105 ofert\u0119&nbsp;ta\u015bm&nbsp;i&nbsp;blach&nbsp;do r\u00f3\u017cnorodnych zastosowa\u0144.<br><a href=\"https:\/\/www.marcegaglia.pl\/en\/marcegaglia-kluczbork\/\" target=\"_blank\" rel=\"noreferrer noopener\">https:\/\/www.marcegaglia.pl\/en\/marcegaglia-kluczbork\/<\/a><\/li>\n<\/ul>\n\n\n\n<ul class=\"wp-block-list\">\n<li><strong>GAJA PLUS<\/strong><br><img loading=\"lazy\" decoding=\"async\" width=\"150\" height=\"64\" class=\"wp-image-395\" style=\"width: 150px;\" src=\"https:\/\/mickiewiczkluczbork.pl\/wp-content\/uploads\/2021\/08\/gaja.jpg\" alt=\"\"><br>Znana i ceniona hurtownia materia\u0142\u00f3w budowlanych. Wa\u017cny gracz na lokalnym rynku bran\u017cy budowlanej.&nbsp; W swoim asortymencie posiada produkty do tzw. ci\u0119\u017ckiej i lekkiej budowlanki. Cieszymy si\u0119, \u017ce jeste\u015bcie z nami!<br><a href=\"https:\/\/www.gajaplus.pl\/\" target=\"_blank\" rel=\"noreferrer noopener\">https:\/\/www.gajaplus.pl\/<\/a><\/li>\n<\/ul>\n\n\n\n<ul class=\"wp-block-list\">\n<li><strong>TYRON<\/strong><br><img loading=\"lazy\" decoding=\"async\" width=\"150\" height=\"83\" class=\"wp-image-367\" style=\"width: 150px;\" src=\"https:\/\/mickiewiczkluczbork.pl\/wp-content\/uploads\/2021\/06\/etykieta.png\" alt=\"\" srcset=\"https:\/\/mickiewiczkluczbork.pl\/wp-content\/uploads\/2021\/06\/etykieta.png 395w, https:\/\/mickiewiczkluczbork.pl\/wp-content\/uploads\/2021\/06\/etykieta-300x166.png 300w\" sizes=\"(max-width: 150px) 100vw, 150px\" \/><br>Producent materia\u0142\u00f3w termoizolacyjnych. Fabryka mie\u015bci si\u0119 w Kluczborku i jest najwi\u0119ksz\u0105 fabryk\u0105 w tym regionie. Od pocz\u0105tku swojej dzia\u0142alno\u015bci stosuje zaawansowane technologie, kt\u00f3re gwarantuj\u0105 przekazanie w r\u0119ce klient\u00f3w produkt\u00f3w najwy\u017cszej jako\u015bci.<br><a href=\"https:\/\/tyron.pl\/\" target=\"_blank\" rel=\"noreferrer noopener\">https:\/\/tyron.pl\/<\/a><\/li>\n<\/ul>\n\n\n\n<ul class=\"wp-block-list\">\n<li><strong>ODNOWA<\/strong><br><br><img loading=\"lazy\" decoding=\"async\" width=\"150\" height=\"37\" class=\"wp-image-401\" style=\"width: 150px;\" src=\"https:\/\/mickiewiczkluczbork.pl\/wp-content\/uploads\/2021\/08\/odnowa.png\" alt=\"\"><br>&#8222;ODNOWA&#8221; Sp. z o.o. jest zak\u0142adem pracy chronionej prowadz\u0105cym dzia\u0142alno\u015b\u0107 us\u0142ugow\u0105. Jest jedn\u0105 z najwi\u0119kszych, zatrudniaj\u0105c\u0105 ponad 500 os\u00f3b, sp\u00f3\u0142k\u0105 na Opolszczy\u017anie. Zdobyte przez ponad p\u00f3\u0142 wieku do\u015bwiadczenia pozwalaj\u0105 nam na sprostanie coraz wi\u0119kszym wymaganiom naszych Klient\u00f3w. Firma \u015bwiadczy us\u0142ugi z zakresu: us\u0142ug ochrony os\u00f3b i mienia, monitoringu, us\u0142ug porz\u0105dkowe i sprz\u0105taj\u0105ce i wynajmu w\u0142asnych powierzchni biurowych.<br><a href=\"http:\/\/odnowa.pl\/\" target=\"_blank\" rel=\"noreferrer noopener\">http:\/\/odnowa.pl\/<\/a><\/li>\n<\/ul>\n\n\n\n<ul class=\"wp-block-list\">\n<li><strong>ELEKTROTEK<\/strong><br><br><img loading=\"lazy\" decoding=\"async\" width=\"150\" height=\"62\" class=\"wp-image-402\" style=\"width: 150px;\" src=\"https:\/\/mickiewiczkluczbork.pl\/wp-content\/uploads\/2021\/08\/elektrotek.png\" alt=\"\"><br>Hurtownia elektroinstalacyjna \u201eElektrotek\u201d zajmuje si\u0119 dystrybucj\u0105 kabli i przewod\u00f3w, a tak\u017ce osprz\u0119tu elektrotechnicznego i instalacyjnego (min. oprawy o\u015bwietleniowe w tym typu LED, czy przemys\u0142owe \u015bwietl\u00f3wki. Hurtownia ma swoje siedziby w Opolu, Wroc\u0142awiu i Kluczborku.<br><a href=\"https:\/\/elektrotek.pl\/\" target=\"_blank\" rel=\"noreferrer noopener\">https:\/\/elektrotek.pl\/<\/a><br><\/li>\n\n\n\n<li><strong>PKS Kluczbork<\/strong>.<br><img loading=\"lazy\" decoding=\"async\" width=\"150\" height=\"161\" class=\"wp-image-403\" style=\"width: 150px;\" src=\"https:\/\/mickiewiczkluczbork.pl\/wp-content\/uploads\/2021\/08\/pks.png\" alt=\"\"><br>Przedsi\u0119biorstwo Komunikacji Samochodowej Sp. z o.o. w Kluczborku istnieje od 1950 r. Posiada ponad 50-letni\u0105 tradycj\u0119 w przewozach pasa\u017cerskich.&nbsp;&nbsp;Jest najwi\u0119ksz\u0105 firm\u0105 w bran\u017cy motoryzacyjnej na rynku lokalnym. PKS Kluczbork prowadzi O\u015brodek Szkolenia Kierowc\u00f3w, kt\u00f3ry &nbsp;posiada patronat Instytutu Transportu Samochodowego.<br><a href=\"http:\/\/pks.kluczbork.pl\/\" target=\"_blank\" rel=\"noreferrer noopener\">http:\/\/pks.kluczbork.pl\/<\/a><\/li>\n<\/ul>\n\n\n\n<ul class=\"wp-block-list\">\n<li><strong>SUB-DRUK<\/strong><br><img loading=\"lazy\" decoding=\"async\" width=\"150\" height=\"145\" class=\"wp-image-406\" style=\"width: 150px;\" src=\"https:\/\/mickiewiczkluczbork.pl\/wp-content\/uploads\/2021\/08\/sub-druk.png\" alt=\"\"><br>Rewelacyjna firma wykonuj\u0105ca nadruki na odzie\u017c oraz gad\u017cety reklamowe. Oferuje r\u00f3wnie\u017c haft komputerowy oraz sprzeda\u017c odzie\u017cy roboczej.<br><a href=\"https:\/\/www.facebook.com\/subdruk\/about\/?ref=page_internal\" target=\"_blank\" rel=\"noreferrer noopener\">https:\/\/www.facebook.com\/subdruk\/about\/?ref=page_internal<\/a><br><\/li>\n<\/ul>\n\n\n\n<ul class=\"wp-block-list\">\n<li><strong>Pa\u0142ac Paw\u0142owice.<\/strong><br><img loading=\"lazy\" decoding=\"async\" width=\"150\" height=\"100\" class=\"wp-image-408\" style=\"width: 150px;\" src=\"https:\/\/mickiewiczkluczbork.pl\/wp-content\/uploads\/2021\/08\/palac.png\" alt=\"\"><br>Pa\u0142ac Paw\u0142owice &#8211; Hotel &amp; Restauracja &amp; SPA. Obiekt posiada w\u0142asn\u0105 winnic\u0119 z kt\u00f3rej wina dost\u0119pne s\u0105 w restauracji. Idealne miejsce na weekendowy wypoczynek lub organizacje przyj\u0119cia.<br><a href=\"http:\/\/www.palacpawlowice.pl\/\" target=\"_blank\" rel=\"noreferrer noopener\">http:\/\/www.palacpawlowice.pl\/<\/a><\/li>\n<\/ul>\n\n\n\n<ul class=\"wp-block-list\">\n<li><strong>PROMEDIA<\/strong><br><br><img loading=\"lazy\" decoding=\"async\" width=\"150\" height=\"40\" class=\"wp-image-409\" style=\"width: 150px;\" src=\"https:\/\/mickiewiczkluczbork.pl\/wp-content\/uploads\/2021\/08\/cropped-promedia-logo-300.png\" alt=\"\"><br>Nasz partner dostarcza wysokiej jako\u015bci dost\u0119p do Internetu i telewizj\u0119 cyfrow\u0105. W swojej dzia\u0142alno\u015bci wykorzystuje najnowocze\u015bniejsz\u0105 technologi\u0119 transmisji danych opart\u0105 o w\u0142asn\u0105 sie\u0107 \u015bwiat\u0142owodow\u0105.<br><a href=\"https:\/\/www.ipv.net.pl\/\" data-type=\"URL\" data-id=\"https:\/\/www.ipv.net.pl\/\" target=\"_blank\" rel=\"noreferrer noopener\">https:\/\/www.ipv.net.pl\/<\/a><\/li>\n<\/ul>\n\n\n\n<ul class=\"wp-block-list\">\n<li><strong>Adam Soko\u0142owski.<\/strong><br><img loading=\"lazy\" decoding=\"async\" width=\"150\" height=\"100\" class=\"wp-image-410\" style=\"width: 150px;\" src=\"https:\/\/mickiewiczkluczbork.pl\/wp-content\/uploads\/2021\/08\/A.-Sokolowski.jpg\" alt=\"\" srcset=\"https:\/\/mickiewiczkluczbork.pl\/wp-content\/uploads\/2021\/08\/A.-Sokolowski.jpg 640w, https:\/\/mickiewiczkluczbork.pl\/wp-content\/uploads\/2021\/08\/A.-Sokolowski-300x199.jpg 300w\" sizes=\"(max-width: 150px) 100vw, 150px\" \/> (Fot. NTO)<br>Znany kluczborski notariusz, wielki mi\u0142o\u015bnik i znawca sportu. O czym \u015bwiadczy fakt posiadania przez Pana Adam dwudziestu czterech tytu\u0142\u00f3w Mistrza Polski Kibic\u00f3w Sportowych. Pan Adam Soko\u0142owski od wielu lat jest dobr\u0105 dusz\u0105 i przyjacielem naszego Klubu.<\/li>\n<\/ul>\n\n\n\n<ul class=\"wp-block-list\">\n<li><strong>O\u015brodek Sportu i Rekreacji Kluczbork.<\/strong><br><img loading=\"lazy\" decoding=\"async\" width=\"150\" height=\"80\" class=\"wp-image-411\" style=\"width: 150px;\" src=\"https:\/\/mickiewiczkluczbork.pl\/wp-content\/uploads\/2021\/08\/osir.jpg\" alt=\"\"><br>Jednostka organizacyjna Gminy Kluczbork dysponuj\u0105ca bogat\u0105 baz\u0105 obiekt\u00f3w sportowo \u2013 rekreacyjnych, w kt\u00f3rej sk\u0142ad wchodz\u0105: Hala Widzowsko \u2013 Sportowa, popularna \u201eKluczborska twierdza\u201d, w kt\u00f3rej mecze rozgrywaj\u0105 nasi siatkarze, kampus STOBRAWA, Kryta p\u0142ywalnia, OTW B\u0105k\u00f3w oraz K\u0105pielisko Zalew Kuczborski.<br><a href=\"https:\/\/osir.kluczbork.pl\/\" data-type=\"URL\" data-id=\"https:\/\/osir.kluczbork.pl\/\" target=\"_blank\" rel=\"noreferrer noopener\">https:\/\/osir.kluczbork.pl\/<\/a><\/li>\n<\/ul>\n\n\n\n<p><\/p>\n\n\n\n<p><\/p>\n\n\n\n<ul class=\"wp-block-list\">\n<li><strong>FAMEL <\/strong><\/li>\n<\/ul>\n\n\n\n<figure class=\"wp-block-image size-full is-resized\"><img loading=\"lazy\" decoding=\"async\" width=\"500\" height=\"500\" src=\"https:\/\/mickiewiczkluczbork.pl\/wp-content\/uploads\/2026\/02\/image.png\" alt=\"\" class=\"wp-image-716\" style=\"width:246px;height:auto\" srcset=\"https:\/\/mickiewiczkluczbork.pl\/wp-content\/uploads\/2026\/02\/image.png 500w, https:\/\/mickiewiczkluczbork.pl\/wp-content\/uploads\/2026\/02\/image-300x300.png 300w, https:\/\/mickiewiczkluczbork.pl\/wp-content\/uploads\/2026\/02\/image-150x150.png 150w, https:\/\/mickiewiczkluczbork.pl\/wp-content\/uploads\/2026\/02\/image-128x128.png 128w, https:\/\/mickiewiczkluczbork.pl\/wp-content\/uploads\/2026\/02\/image-32x32.png 32w\" sizes=\"(max-width: 500px) 100vw, 500px\" \/><\/figure>\n\n\n\n<p>Famel to kluczborska hurtownia instalacyjna z d\u0142ugoletnim do\u015bwiadczeniem, dzia\u0142aj\u0105ca w sektorze techniki grzewczej, sanitarnej, instalacyjnej oraz wentylacyjnej. Firma oferuje szeroki asortyment materia\u0142\u00f3w i urz\u0105dze\u0144 dla instalator\u00f3w i inwestor\u00f3w \u2013 od system\u00f3w grzewczych i sanitarnych po elementy instalacyjne najwy\u017cszej jako\u015bci. Jako sponsor Famel aktywnie wspiera rozw\u00f3j sportu w naszej spo\u0142eczno\u015bci. Na jej sercu le\u017cy promocja aktywno\u015bci fizycznej oraz wspieranie zar\u00f3wno pierwszoligowego zespo\u0142u senior\u00f3w, jak i m\u0142odzie\u017cowych grup siatkarskich, dzi\u0119ki czemu lokalny sport ma stabilne wsparcie i perspektywy rozwoju.<br><a href=\"https:\/\/famel.com.pl\/\" target=\"_blank\" rel=\"noreferrer noopener\">www.famel.com.pl<\/a><\/p>\n\n\n\n<figure class=\"wp-block-image size-full is-resized\"><img loading=\"lazy\" decoding=\"async\" width=\"262\" height=\"192\" src=\"https:\/\/mickiewiczkluczbork.pl\/wp-content\/uploads\/2025\/12\/pobrane.png\" alt=\"\" class=\"wp-image-708\" style=\"width:153px;height:auto\" srcset=\"https:\/\/mickiewiczkluczbork.pl\/wp-content\/uploads\/2025\/12\/pobrane.png 262w, https:\/\/mickiewiczkluczbork.pl\/wp-content\/uploads\/2025\/12\/pobrane-128x94.png 128w, https:\/\/mickiewiczkluczbork.pl\/wp-content\/uploads\/2025\/12\/pobrane-32x23.png 32w\" sizes=\"(max-width: 262px) 100vw, 262px\" \/><\/figure>\n\n\n\n<p class=\"has-text-align-left\"><strong>VSB Polska <\/strong><br><br>VSB Energie Odnawialne Polska Sp. z o.o.  to dynamicznie rozwijaj\u0105ca si\u0119 firma specjalizuj\u0105ca si\u0119 w projektowaniu i realizacji inwestycji z zakresu energetyki wiatrowej i s\u0142onecznej. Przedsi\u0119biorstwo nale\u017cy do mi\u0119dzynarodowej Grupy VSB, znanej z wysokich standard\u00f3w i odpowiedzialnego podej\u015bcia do ochrony \u015brodowiska. Dzia\u0142aj\u0105c z pasj\u0105 i profesjonalizmem, VSB aktywnie wspiera rozw\u00f3j czystej energii w Polsce oraz lokalne spo\u0142eczno\u015bci. Cieszymy si\u0119, \u017ce firma do\u0142\u0105cza do grona naszych sponsor\u00f3w, wspieraj\u0105c zr\u00f3wnowa\u017cony rozw\u00f3j sportu.<br><a href=\"https:\/\/www.vsb.energy\/pl\/pl\/strona-startowa\/\">https:\/\/www.vsb.energy\/pl\/<\/a><br><br><\/p>\n\n\n\n<p class=\"has-text-align-left\"><br><br><\/p>\n\n\n\n<p><\/p>\n\n\n\n<p class=\"has-text-align-left\"><\/p>\n\n\n\n<p><\/p>\n\n\n\n<p><\/p>\n","protected":false},"excerpt":{"rendered":"<p>Famel to kluczborska hurtownia instalacyjna z d\u0142ugoletnim do\u015bwiadczeniem, dzia\u0142aj\u0105ca w sektorze techniki grzewczej, sanitarnej, instalacyjnej oraz wentylacyjnej. Firma oferuje szeroki asortyment materia\u0142\u00f3w i urz\u0105dze\u0144 dla instalator\u00f3w i inwestor\u00f3w \u2013 od system\u00f3w grzewczych i sanitarnych po elementy instalacyjne najwy\u017cszej jako\u015bci. Jako sponsor Famel aktywnie wspiera rozw\u00f3j sportu w naszej spo\u0142eczno\u015bci. Na jej sercu le\u017cy promocja aktywno\u015bci [&hellip;]<\/p>\n","protected":false},"author":2,"featured_media":0,"parent":0,"menu_order":9,"comment_status":"closed","ping_status":"closed","template":"","meta":{"footnotes":""},"class_list":["post-120","page","type-page","status-publish","hentry"],"_links":{"self":[{"href":"https:\/\/mickiewiczkluczbork.pl\/index.php\/wp-json\/wp\/v2\/pages\/120"}],"collection":[{"href":"https:\/\/mickiewiczkluczbork.pl\/index.php\/wp-json\/wp\/v2\/pages"}],"about":[{"href":"https:\/\/mickiewiczkluczbork.pl\/index.php\/wp-json\/wp\/v2\/types\/page"}],"author":[{"embeddable":true,"href":"https:\/\/mickiewiczkluczbork.pl\/index.php\/wp-json\/wp\/v2\/users\/2"}],"replies":[{"embeddable":true,"href":"https:\/\/mickiewiczkluczbork.pl\/index.php\/wp-json\/wp\/v2\/comments?post=120"}],"version-history":[{"count":60,"href":"https:\/\/mickiewiczkluczbork.pl\/index.php\/wp-json\/wp\/v2\/pages\/120\/revisions"}],"predecessor-version":[{"id":727,"href":"https:\/\/mickiewiczkluczbork.pl\/index.php\/wp-json\/wp\/v2\/pages\/120\/revisions\/727"}],"wp:attachment":[{"href":"https:\/\/mickiewiczkluczbork.pl\/index.php\/wp-json\/wp\/v2\/media?parent=120"}],"curies":[{"name":"wp","href":"https:\/\/api.w.org\/{rel}","templated":true}]}}