{"id":118,"date":"2020-10-21T10:26:49","date_gmt":"2020-10-21T08:26:49","guid":{"rendered":"http:\/\/uksmickiewicz.pl\/?page_id=118"},"modified":"2025-08-28T09:33:34","modified_gmt":"2025-08-28T07:33:34","slug":"kontakt-2","status":"publish","type":"page","link":"https:\/\/mickiewiczkluczbork.pl\/index.php\/kontakt-2\/","title":{"rendered":"KONTAKT"},"content":{"rendered":"<p><a href=\"https:\/\/mickiewiczkluczbork.pl\/wp-content\/uploads\/2021\/06\/logo-uks-mickiewicz-CMYK-3.pdf\"><img loading=\"lazy\" decoding=\"async\" class=\"wp-image-372 size-medium aligncenter\" src=\"https:\/\/mickiewiczkluczbork.pl\/wp-content\/uploads\/2021\/06\/logo-uks-mickiewicz-CMYK-3-pdf-300x300.jpg\" alt=\"\" width=\"300\" height=\"300\" \/><\/a><\/p>\n<hr \/>\n<hr \/>\n<p style=\"text-align: center;\"><strong>Kluczborski Klub Sportowy &#8222;MICKIEWICZ&#8221; Kluczbork<\/strong><\/p>\n<p style=\"text-align: center;\">ul. Mickiewicza 10<\/p>\n<p style=\"text-align: center;\">46-200 Kluczbork<\/p>\n<hr \/>\n<hr \/>\n<h4><span style=\"color: #ff0000;\"><strong>Dane kontaktowe:<\/strong><\/span><\/h4>\n<p><strong>Facebook:<\/strong> facebook.com\/kksmickiewiczkluczbork<\/p>\n<p><strong>www:<\/strong> <a href=\"https:\/\/mickiewiczkluczbork.pl\/\">www.mickiewiczkluczbork.pl<\/a><\/p>\n<p><strong>email:<\/strong> biuro.kksmickiewicz@gmail.com<\/p>\n<ul>\n<li><strong>Dyrektor Klubu:<\/strong> Maciej Sitek tel. 531 285 413<\/li>\n<li><strong>Kierownik Zespo\u0142u:<\/strong> Pawe\u0142 Waraksa tel. 784 450 486<\/li>\n<\/ul>\n<h4><span style=\"color: #ff0000;\"><strong>pozosta\u0142e dane:<\/strong><\/span><\/h4>\n<ul>\n<li><strong>NIP:<\/strong> 751-177-19-89<\/li>\n<li><strong>REGON:<\/strong> 161455106<\/li>\n<li><strong>KRS:<\/strong> 0000751557<\/li>\n<li><strong>Nr Konta :<\/strong> BANK PARIBAS <strong>46 1600 1462 1822 4795 3000 0001<\/strong><\/li>\n<\/ul>\n","protected":false},"excerpt":{"rendered":"<p>Kluczborski Klub Sportowy &#8222;MICKIEWICZ&#8221; Kluczbork ul. Mickiewicza 10 46-200 Kluczbork Dane kontaktowe: Facebook: facebook.com\/kksmickiewiczkluczbork www: www.mickiewiczkluczbork.pl email: biuro.kksmickiewicz@gmail.com Dyrektor Klubu: Maciej Sitek tel. 531 285 413 Kierownik Zespo\u0142u: Pawe\u0142 Waraksa tel. 784 450 486 pozosta\u0142e dane: NIP: 751-177-19-89 REGON: 161455106 KRS: 0000751557 Nr Konta : BANK PARIBAS 46 1600 1462 1822 4795 3000 0001<\/p>\n","protected":false},"author":2,"featured_media":0,"parent":0,"menu_order":7,"comment_status":"closed","ping_status":"closed","template":"","meta":{"footnotes":""},"class_list":["post-118","page","type-page","status-publish","hentry"],"_links":{"self":[{"href":"https:\/\/mickiewiczkluczbork.pl\/index.php\/wp-json\/wp\/v2\/pages\/118"}],"collection":[{"href":"https:\/\/mickiewiczkluczbork.pl\/index.php\/wp-json\/wp\/v2\/pages"}],"about":[{"href":"https:\/\/mickiewiczkluczbork.pl\/index.php\/wp-json\/wp\/v2\/types\/page"}],"author":[{"embeddable":true,"href":"https:\/\/mickiewiczkluczbork.pl\/index.php\/wp-json\/wp\/v2\/users\/2"}],"replies":[{"embeddable":true,"href":"https:\/\/mickiewiczkluczbork.pl\/index.php\/wp-json\/wp\/v2\/comments?post=118"}],"version-history":[{"count":17,"href":"https:\/\/mickiewiczkluczbork.pl\/index.php\/wp-json\/wp\/v2\/pages\/118\/revisions"}],"predecessor-version":[{"id":705,"href":"https:\/\/mickiewiczkluczbork.pl\/index.php\/wp-json\/wp\/v2\/pages\/118\/revisions\/705"}],"wp:attachment":[{"href":"https:\/\/mickiewiczkluczbork.pl\/index.php\/wp-json\/wp\/v2\/media?parent=118"}],"curies":[{"name":"wp","href":"https:\/\/api.w.org\/{rel}","templated":true}]}}