{"id":105,"date":"2020-10-21T10:20:33","date_gmt":"2020-10-21T08:20:33","guid":{"rendered":"http:\/\/uksmickiewicz.pl\/?page_id=105"},"modified":"2024-09-06T11:42:40","modified_gmt":"2024-09-06T09:42:40","slug":"aktualnosci","status":"publish","type":"page","link":"https:\/\/mickiewiczkluczbork.pl\/index.php\/aktualnosci\/","title":{"rendered":"AKTUALNO\u015aCI"},"content":{"rendered":"\n<p>Kochani Kibice, <strong>ju\u017c nied\u0142ugo spotkamy si\u0119 na Hali OSIR w Kluczborku<\/strong> !!!<\/p>\n\n\n\n<p>Zapraszamy 12.09.2024 o godzinie 20:30 na mecz TV z zespo\u0142em OLIMPA SUL\u0118CIN <\/p>\n","protected":false},"excerpt":{"rendered":"<p>Kochani Kibice, ju\u017c nied\u0142ugo spotkamy si\u0119 na Hali OSIR w Kluczborku !!! Zapraszamy 12.09.2024 o godzinie 20:30 na mecz TV z zespo\u0142em OLIMPA SUL\u0118CIN<\/p>\n","protected":false},"author":2,"featured_media":0,"parent":0,"menu_order":2,"comment_status":"closed","ping_status":"closed","template":"","meta":{"footnotes":""},"class_list":["post-105","page","type-page","status-publish","hentry"],"_links":{"self":[{"href":"https:\/\/mickiewiczkluczbork.pl\/index.php\/wp-json\/wp\/v2\/pages\/105"}],"collection":[{"href":"https:\/\/mickiewiczkluczbork.pl\/index.php\/wp-json\/wp\/v2\/pages"}],"about":[{"href":"https:\/\/mickiewiczkluczbork.pl\/index.php\/wp-json\/wp\/v2\/types\/page"}],"author":[{"embeddable":true,"href":"https:\/\/mickiewiczkluczbork.pl\/index.php\/wp-json\/wp\/v2\/users\/2"}],"replies":[{"embeddable":true,"href":"https:\/\/mickiewiczkluczbork.pl\/index.php\/wp-json\/wp\/v2\/comments?post=105"}],"version-history":[{"count":9,"href":"https:\/\/mickiewiczkluczbork.pl\/index.php\/wp-json\/wp\/v2\/pages\/105\/revisions"}],"predecessor-version":[{"id":564,"href":"https:\/\/mickiewiczkluczbork.pl\/index.php\/wp-json\/wp\/v2\/pages\/105\/revisions\/564"}],"wp:attachment":[{"href":"https:\/\/mickiewiczkluczbork.pl\/index.php\/wp-json\/wp\/v2\/media?parent=105"}],"curies":[{"name":"wp","href":"https:\/\/api.w.org\/{rel}","templated":true}]}}